{"id":20,"date":"2025-01-06T13:41:07","date_gmt":"2025-01-06T12:41:07","guid":{"rendered":"https:\/\/resolutionrh.fr\/?page_id=20"},"modified":"2025-02-10T21:10:51","modified_gmt":"2025-02-10T20:10:51","slug":"accueil","status":"publish","type":"page","link":"https:\/\/resolutionrh.fr\/","title":{"rendered":"Accueil"},"content":{"rendered":"\t\t<div data-elementor-type=\"wp-page\" data-elementor-id=\"20\" class=\"elementor elementor-20\">\n\t\t\t\t<div class=\"elementor-element elementor-element-209f5071 e-flex e-con-boxed e-con e-parent\" data-id=\"209f5071\" data-element_type=\"container\">\n\t\t\t\t\t<div class=\"e-con-inner\">\n\t\t\t\t<div class=\"elementor-element elementor-element-3b7dd299 elementor-widget elementor-widget-text-editor\" data-id=\"3b7dd299\" data-element_type=\"widget\" data-widget_type=\"text-editor.default\">\n\t\t\t\t<div class=\"elementor-widget-container\">\n\t\t\t\t\t\t\t\t\t<div class=\"wp-block-cover alignfull has-custom-content-position is-position-top-center\" style=\"min-height: 650px;\"><br \/>\n<p><img fetchpriority=\"high\" decoding=\"async\" class=\"wp-block-cover__image-background   alignnone wp-image-254 size-full\" src=\"http:\/\/resolutionrh.fr\/wp-content\/uploads\/2025\/01\/Design-sans-titre-41.png\" alt=\"\" width=\"1920\" height=\"1080\" data-object-fit=\"cover\" srcset=\"https:\/\/resolutionrh.fr\/wp-content\/uploads\/2025\/01\/Design-sans-titre-41.png 1920w, https:\/\/resolutionrh.fr\/wp-content\/uploads\/2025\/01\/Design-sans-titre-41-300x169.png 300w, https:\/\/resolutionrh.fr\/wp-content\/uploads\/2025\/01\/Design-sans-titre-41-1024x576.png 1024w, https:\/\/resolutionrh.fr\/wp-content\/uploads\/2025\/01\/Design-sans-titre-41-768x432.png 768w, https:\/\/resolutionrh.fr\/wp-content\/uploads\/2025\/01\/Design-sans-titre-41-1536x864.png 1536w\" sizes=\"(max-width: 1920px) 100vw, 1920px\" \/><\/p>\n<div class=\"wp-block-cover__inner-container\">\n<p><\/p>\n<div class=\"wp-block-columns is-layout-flex wp-container-core-columns-is-layout-9d6595d7 wp-block-columns-is-layout-flex\">\n<p><\/p>\n<div class=\"wp-block-column is-layout-flow wp-block-column-is-layout-flow\" style=\"flex-basis: 33.33%;\">\n<p><\/p>\n<figure class=\"wp-block-image size-full is-resized\"><img decoding=\"async\" width=\"401\" height=\"401\" class=\"wp-image-17\" style=\"width: 344px; height: auto;\" src=\"http:\/\/resolutionrh.fr\/wp-content\/uploads\/2025\/01\/logo-blanc-fond-bleu.png\" alt=\"\" srcset=\"https:\/\/resolutionrh.fr\/wp-content\/uploads\/2025\/01\/logo-blanc-fond-bleu.png 401w, https:\/\/resolutionrh.fr\/wp-content\/uploads\/2025\/01\/logo-blanc-fond-bleu-300x300.png 300w, https:\/\/resolutionrh.fr\/wp-content\/uploads\/2025\/01\/logo-blanc-fond-bleu-150x150.png 150w\" sizes=\"(max-width: 401px) 100vw, 401px\" \/><\/figure>\n<p><\/p>\n<\/div>\n<p><\/p>\n<div class=\"wp-block-column is-layout-flow wp-block-column-is-layout-flow\" style=\"flex-basis: 66.66%;\">\n<p><\/p>\n<h2 class=\"wp-block-heading\">Je vous aide \u00e0 optimiser la gestion de vos talents et de vos ressources humaines.<\/h2>\n<p><\/p>\n<p class=\"has-text-align-left has-nv-text-dark-bg-color has-text-color\" style=\"font-size: 17px;\">Je suis Sarah TAJI, consultante RH et fondatrice de R\u00e9solution RH.<\/p>\n<p><\/p>\n<p class=\"has-text-align-left has-nv-text-dark-bg-color has-text-color\" style=\"font-size: 17px;\">Ma mission : aider mes clients \u00e0 aligner leur gestion des Ressources Humaines avec leurs ambitions.<\/p>\n<p><\/p>\n<div class=\"wp-block-buttons is-horizontal is-content-justification-left is-layout-flex wp-container-core-buttons-is-layout-7e5fce0a wp-block-buttons-is-layout-flex\">\n<p><\/p>\n<div class=\"wp-block-button is-style-primary\"><a class=\"wp-block-button__link has-text-color has-background has-link-color wp-element-button\" style=\"color: #0a2279; background-color: #ffffff;\" href=\"https:\/\/resolutionrh.fr\/index.php\/a-propos\/\">en savoir plus<\/a><\/div>\n<p><\/p>\n<div class=\"wp-block-button is-style-secondary\"><a class=\"wp-block-button__link has-nv-text-dark-bg-color has-text-color has-link-color wp-element-button\" href=\"https:\/\/resolutionrh.fr\/index.php\/contact\/\">Me contacter<\/a><\/div>\n<p><\/p>\n<\/div>\n<p><\/p>\n<\/div>\n<p><\/p>\n<\/div>\n<p><\/p>\n<\/div>\n<\/div>\n<p><!-- \/wp:cover --><!-- wp:columns --><\/p>\n<div class=\"wp-block-columns\">\n<p><!-- wp:column {\"className\":\"neve-duotone\",\"style\":{\"spacing\":{\"padding\":{\"right\":\"var:preset|spacing|30\",\"left\":\"var:preset|spacing|30\"}}}} --><\/p>\n<div class=\"wp-block-column neve-duotone\" style=\"padding-right: var(--wp--preset--spacing--30); padding-left: var(--wp--preset--spacing--30);\">\n<p><!-- wp:image {\"id\":210,\"sizeSlug\":\"full\",\"linkDestination\":\"none\",\"align\":\"center\",\"className\":\"icon-style is-style-default\",\"style\":{\"color\":{\"duotone\":\"unset\"},\"border\":{\"radius\":\"0px\"}}} --><\/p>\n<figure class=\"wp-block-image aligncenter size-full has-custom-border icon-style is-style-default\"><img decoding=\"async\" width=\"500\" height=\"500\" class=\"wp-image-210\" style=\"border-radius: 0px;\" title=\"\" src=\"http:\/\/resolutionrh.fr\/wp-content\/uploads\/2025\/01\/Picto-RRH.png\" alt=\"\" srcset=\"https:\/\/resolutionrh.fr\/wp-content\/uploads\/2025\/01\/Picto-RRH.png 500w, https:\/\/resolutionrh.fr\/wp-content\/uploads\/2025\/01\/Picto-RRH-300x300.png 300w, https:\/\/resolutionrh.fr\/wp-content\/uploads\/2025\/01\/Picto-RRH-150x150.png 150w\" sizes=\"(max-width: 500px) 100vw, 500px\" \/><\/figure>\n<p><!-- \/wp:image --><!-- wp:heading {\"textAlign\":\"center\",\"level\":3,\"className\":\"has-text-align-center\",\"textColor\":\"neve-text-color\"} --><\/p>\n<h3 class=\"wp-block-heading has-text-align-center has-neve-text-color-color has-text-color\">Respect<\/h3>\n<p><!-- \/wp:heading --><!-- wp:paragraph {\"align\":\"center\"} --><\/p>\n<p class=\"has-text-align-center\">Valoriser chaque individu et reconna\u00eetre la richesse de chacun.<\/p>\n<p><!-- \/wp:paragraph --><!-- wp:spacer {\"height\":\"20px\"} --><\/p>\n<div class=\"wp-block-spacer\" style=\"height: 20px;\" aria-hidden=\"true\">\u00a0<\/div>\n<p><!-- \/wp:spacer --><\/p>\n<\/div>\n<p><!-- \/wp:column --><!-- wp:column {\"style\":{\"spacing\":{\"padding\":{\"right\":\"var:preset|spacing|30\",\"left\":\"var:preset|spacing|30\"}}}} --><\/p>\n<div class=\"wp-block-column\" style=\"padding-right: var(--wp--preset--spacing--30); padding-left: var(--wp--preset--spacing--30);\">\n<p><!-- wp:image {\"id\":209,\"sizeSlug\":\"full\",\"linkDestination\":\"none\",\"align\":\"center\",\"className\":\"icon-style is-style-default\",\"style\":{\"color\":{},\"border\":{\"radius\":\"0px\"}}} --><\/p>\n<figure class=\"wp-block-image aligncenter size-full has-custom-border icon-style is-style-default\"><img loading=\"lazy\" decoding=\"async\" width=\"500\" height=\"500\" class=\"wp-image-209\" style=\"border-radius: 0px;\" title=\"\" src=\"http:\/\/resolutionrh.fr\/wp-content\/uploads\/2025\/01\/Picto-RRH-1.png\" alt=\"\" srcset=\"https:\/\/resolutionrh.fr\/wp-content\/uploads\/2025\/01\/Picto-RRH-1.png 500w, https:\/\/resolutionrh.fr\/wp-content\/uploads\/2025\/01\/Picto-RRH-1-300x300.png 300w, https:\/\/resolutionrh.fr\/wp-content\/uploads\/2025\/01\/Picto-RRH-1-150x150.png 150w\" sizes=\"(max-width: 500px) 100vw, 500px\" \/><\/figure>\n<p><!-- \/wp:image --><!-- wp:heading {\"textAlign\":\"center\",\"level\":3,\"className\":\"has-text-align-center\",\"textColor\":\"neve-text-color\"} --><\/p>\n<h3 class=\"wp-block-heading has-text-align-center has-neve-text-color-color has-text-color\">Bienveillance<\/h3>\n<p><!-- \/wp:heading --><!-- wp:paragraph {\"align\":\"center\"} --><\/p>\n<p class=\"has-text-align-center\">Agir avec empathie et attention pour favoriser des relations harmonieuses et constructives.<\/p>\n<p><!-- \/wp:paragraph --><!-- wp:spacer {\"height\":\"20px\"} --><\/p>\n<div class=\"wp-block-spacer\" style=\"height: 20px;\" aria-hidden=\"true\">\u00a0<\/div>\n<p><!-- \/wp:spacer --><\/p>\n<\/div>\n<p><!-- \/wp:column --><!-- wp:column {\"style\":{\"spacing\":{\"padding\":{\"right\":\"var:preset|spacing|30\",\"left\":\"var:preset|spacing|30\"}}}} --><\/p>\n<div class=\"wp-block-column\" style=\"padding-right: var(--wp--preset--spacing--30); padding-left: var(--wp--preset--spacing--30);\">\n<p><!-- wp:image {\"id\":208,\"sizeSlug\":\"full\",\"linkDestination\":\"none\",\"align\":\"center\",\"className\":\"icon-style is-style-default\",\"style\":{\"color\":{\"duotone\":\"unset\"},\"border\":{\"radius\":\"0px\"}}} --><\/p>\n<figure class=\"wp-block-image aligncenter size-full has-custom-border icon-style is-style-default\"><img loading=\"lazy\" decoding=\"async\" width=\"500\" height=\"500\" class=\"wp-image-208\" style=\"border-radius: 0px;\" title=\"\" src=\"http:\/\/resolutionrh.fr\/wp-content\/uploads\/2025\/01\/Picto-RRH-2.png\" alt=\"\" srcset=\"https:\/\/resolutionrh.fr\/wp-content\/uploads\/2025\/01\/Picto-RRH-2.png 500w, https:\/\/resolutionrh.fr\/wp-content\/uploads\/2025\/01\/Picto-RRH-2-300x300.png 300w, https:\/\/resolutionrh.fr\/wp-content\/uploads\/2025\/01\/Picto-RRH-2-150x150.png 150w\" sizes=\"(max-width: 500px) 100vw, 500px\" \/><\/figure>\n<p><!-- \/wp:image --><!-- wp:heading {\"textAlign\":\"center\",\"level\":3,\"className\":\"has-text-align-center\",\"textColor\":\"neve-text-color\"} --><\/p>\n<h3 class=\"wp-block-heading has-text-align-center has-neve-text-color-color has-text-color\">Ecoute<\/h3>\n<p><!-- \/wp:heading --><!-- wp:paragraph {\"align\":\"center\"} --><\/p>\n<p class=\"has-text-align-center\">Prendre le temps de comprendre pour offrir des solutions adapt\u00e9es.<\/p>\n<p><!-- \/wp:paragraph --><!-- wp:spacer {\"height\":\"20px\"} --><\/p>\n<div class=\"wp-block-spacer\" style=\"height: 20px;\" aria-hidden=\"true\">\u00a0<\/div>\n<p><!-- \/wp:spacer --><\/p>\n<\/div>\n<p><!-- \/wp:column --><!-- wp:column {\"style\":{\"spacing\":{\"padding\":{\"right\":\"var:preset|spacing|30\",\"left\":\"var:preset|spacing|30\"}}}} --><\/p>\n<div class=\"wp-block-column\" style=\"padding-right: var(--wp--preset--spacing--30); padding-left: var(--wp--preset--spacing--30);\">\n<p><!-- wp:image {\"id\":207,\"sizeSlug\":\"full\",\"linkDestination\":\"none\",\"align\":\"center\",\"className\":\"icon-style is-style-default\",\"style\":{\"color\":{\"duotone\":\"unset\"},\"border\":{\"radius\":\"0px\"}}} --><\/p>\n<figure class=\"wp-block-image aligncenter size-full has-custom-border icon-style is-style-default\"><img loading=\"lazy\" decoding=\"async\" width=\"500\" height=\"500\" class=\"wp-image-207\" style=\"border-radius: 0px;\" title=\"\" src=\"http:\/\/resolutionrh.fr\/wp-content\/uploads\/2025\/01\/Picto-RRH-3.png\" alt=\"\" srcset=\"https:\/\/resolutionrh.fr\/wp-content\/uploads\/2025\/01\/Picto-RRH-3.png 500w, https:\/\/resolutionrh.fr\/wp-content\/uploads\/2025\/01\/Picto-RRH-3-300x300.png 300w, https:\/\/resolutionrh.fr\/wp-content\/uploads\/2025\/01\/Picto-RRH-3-150x150.png 150w\" sizes=\"(max-width: 500px) 100vw, 500px\" \/><\/figure>\n<p><!-- \/wp:image --><!-- wp:heading {\"textAlign\":\"center\",\"level\":3,\"className\":\"has-text-align-center\",\"textColor\":\"neve-text-color\"} --><\/p>\n<h3 class=\"wp-block-heading has-text-align-center has-neve-text-color-color has-text-color\">Proximit\u00e9<\/h3>\n<p><!-- \/wp:heading --><!-- wp:paragraph {\"align\":\"center\"} --><\/p>\n<p class=\"has-text-align-center\">\u00catre un soutien disponible et impliqu\u00e9 \u00e0 vos c\u00f4t\u00e9s.<\/p>\n<p><!-- \/wp:paragraph --><!-- wp:spacer {\"height\":\"20px\"} --><\/p>\n<div class=\"wp-block-spacer\" style=\"height: 20px;\" aria-hidden=\"true\"><span style=\"color: inherit; font-family: var(--headingsfontfamily),var(--nv-fallback-ff); font-size: var(--h2fontsize); font-weight: var(--h2fontweight); letter-spacing: var(--h2letterspacing); text-transform: var(--h2texttransform); text-align: var(--text-align); background-color: var(--nv-site-bg);\">\u00a0<\/span><\/div>\n<\/div>\n<br \/>\n<div class=\"wp-block-cover__inner-container\">\n<p><!-- \/wp:spacer --><\/p>\n<\/div>\n<div class=\"wp-block-cover__inner-container\">\u00a0<\/div>\n<\/div>\n<p><!-- \/wp:cover --><\/p>\t\t\t\t\t\t\t\t<\/div>\n\t\t\t\t<\/div>\n\t\t\t\t<div class=\"elementor-element elementor-element-7ac2350 elementor-arrows-position-inside elementor-pagination-position-outside elementor-widget elementor-widget-image-carousel\" data-id=\"7ac2350\" data-element_type=\"widget\" data-settings=\"{&quot;navigation&quot;:&quot;both&quot;,&quot;autoplay&quot;:&quot;yes&quot;,&quot;pause_on_hover&quot;:&quot;yes&quot;,&quot;pause_on_interaction&quot;:&quot;yes&quot;,&quot;autoplay_speed&quot;:5000,&quot;infinite&quot;:&quot;yes&quot;,&quot;speed&quot;:500}\" data-widget_type=\"image-carousel.default\">\n\t\t\t\t<div class=\"elementor-widget-container\">\n\t\t\t\t\t\t\t<div class=\"elementor-image-carousel-wrapper swiper\" role=\"region\" aria-roledescription=\"carousel\" aria-label=\"Carrousel d\u2019images\" dir=\"ltr\">\n\t\t\t<div class=\"elementor-image-carousel swiper-wrapper\" aria-live=\"off\">\n\t\t\t\t\t\t\t\t<div class=\"swiper-slide\" role=\"group\" aria-roledescription=\"slide\" aria-label=\"1 of 5\"><figure class=\"swiper-slide-inner\"><img decoding=\"async\" class=\"swiper-slide-image\" src=\"https:\/\/resolutionrh.fr\/wp-content\/uploads\/2025\/01\/Retours-RRH-14-768x960.png\" alt=\"Retours RRH (14)\" \/><\/figure><\/div><div class=\"swiper-slide\" role=\"group\" aria-roledescription=\"slide\" aria-label=\"2 of 5\"><figure class=\"swiper-slide-inner\"><img decoding=\"async\" class=\"swiper-slide-image\" src=\"https:\/\/resolutionrh.fr\/wp-content\/uploads\/2025\/01\/Retours-RRH-13-768x960.png\" alt=\"Retours RRH (13)\" \/><\/figure><\/div><div class=\"swiper-slide\" role=\"group\" aria-roledescription=\"slide\" aria-label=\"3 of 5\"><figure class=\"swiper-slide-inner\"><img decoding=\"async\" class=\"swiper-slide-image\" src=\"https:\/\/resolutionrh.fr\/wp-content\/uploads\/2025\/01\/Retours-RRH-12-768x960.png\" alt=\"Retours RRH (12)\" \/><\/figure><\/div><div class=\"swiper-slide\" role=\"group\" aria-roledescription=\"slide\" aria-label=\"4 of 5\"><figure class=\"swiper-slide-inner\"><img decoding=\"async\" class=\"swiper-slide-image\" src=\"https:\/\/resolutionrh.fr\/wp-content\/uploads\/2025\/01\/Retours-RRH-11-768x960.png\" alt=\"Retours RRH (11)\" \/><\/figure><\/div><div class=\"swiper-slide\" role=\"group\" aria-roledescription=\"slide\" aria-label=\"5 of 5\"><figure class=\"swiper-slide-inner\"><img decoding=\"async\" class=\"swiper-slide-image\" src=\"https:\/\/resolutionrh.fr\/wp-content\/uploads\/2025\/02\/Retours-RRH-16-768x960.png\" alt=\"Retours RRH (16)\" \/><\/figure><\/div>\t\t\t<\/div>\n\t\t\t\t\t\t\t\t\t\t\t\t<div class=\"elementor-swiper-button elementor-swiper-button-prev\" role=\"button\" tabindex=\"0\">\n\t\t\t\t\t\t<svg aria-hidden=\"true\" class=\"e-font-icon-svg e-eicon-chevron-left\" viewBox=\"0 0 1000 1000\" xmlns=\"http:\/\/www.w3.org\/2000\/svg\"><path d=\"M646 125C629 125 613 133 604 142L308 442C296 454 292 471 292 487 292 504 296 521 308 533L604 854C617 867 629 875 646 875 663 875 679 871 692 858 704 846 713 829 713 812 713 796 708 779 692 767L438 487 692 225C700 217 708 204 708 187 708 171 704 154 692 142 675 129 663 125 646 125Z\"><\/path><\/svg>\t\t\t\t\t<\/div>\n\t\t\t\t\t<div class=\"elementor-swiper-button elementor-swiper-button-next\" role=\"button\" tabindex=\"0\">\n\t\t\t\t\t\t<svg aria-hidden=\"true\" class=\"e-font-icon-svg e-eicon-chevron-right\" viewBox=\"0 0 1000 1000\" xmlns=\"http:\/\/www.w3.org\/2000\/svg\"><path d=\"M696 533C708 521 713 504 713 487 713 471 708 454 696 446L400 146C388 133 375 125 354 125 338 125 325 129 313 142 300 154 292 171 292 187 292 204 296 221 308 233L563 492 304 771C292 783 288 800 288 817 288 833 296 850 308 863 321 871 338 875 354 875 371 875 388 867 400 854L696 533Z\"><\/path><\/svg>\t\t\t\t\t<\/div>\n\t\t\t\t\n\t\t\t\t\t\t\t\t\t<div class=\"swiper-pagination\"><\/div>\n\t\t\t\t\t\t\t\t\t<\/div>\n\t\t\t\t\t\t<\/div>\n\t\t\t\t<\/div>\n\t\t\t\t\t<\/div>\n\t\t\t\t<\/div>\n\t\t<div class=\"elementor-element elementor-element-0a86071 e-grid e-con-boxed e-con e-parent\" data-id=\"0a86071\" data-element_type=\"container\">\n\t\t\t\t\t<div class=\"e-con-inner\">\n\t\t\t\t<div class=\"elementor-element elementor-element-8685028 elementor-invisible elementor-widget elementor-widget-heading\" data-id=\"8685028\" data-element_type=\"widget\" data-settings=\"{&quot;_animation&quot;:&quot;fadeIn&quot;}\" data-widget_type=\"heading.default\">\n\t\t\t\t<div class=\"elementor-widget-container\">\n\t\t\t\t\t<h2 class=\"elementor-heading-title elementor-size-default\">Besoin d'en savoir plus ?<\/h2>\t\t\t\t<\/div>\n\t\t\t\t<\/div>\n\t\t\t\t<div class=\"elementor-element elementor-element-4b371f8 elementor-align-center elementor-widget__width-auto elementor-invisible elementor-widget elementor-widget-button\" data-id=\"4b371f8\" data-element_type=\"widget\" data-settings=\"{&quot;_animation&quot;:&quot;fadeIn&quot;}\" data-widget_type=\"button.default\">\n\t\t\t\t<div class=\"elementor-widget-container\">\n\t\t\t\t\t\t\t\t\t<div class=\"elementor-button-wrapper\">\n\t\t\t\t\t<a class=\"elementor-button elementor-button-link elementor-size-sm\" href=\"https:\/\/resolutionrh.fr\/index.php\/contact\/\">\n\t\t\t\t\t\t<span class=\"elementor-button-content-wrapper\">\n\t\t\t\t\t\t\t\t\t<span class=\"elementor-button-text\">Parlons en<\/span>\n\t\t\t\t\t<\/span>\n\t\t\t\t\t<\/a>\n\t\t\t\t<\/div>\n\t\t\t\t\t\t\t\t<\/div>\n\t\t\t\t<\/div>\n\t\t\t\t\t<\/div>\n\t\t\t\t<\/div>\n\t\t\t\t<\/div>\n\t\t","protected":false},"excerpt":{"rendered":"<p>Je vous aide \u00e0 optimiser la gestion de vos talents et de vos ressources humaines. Je suis Sarah TAJI, consultante RH et fondatrice de R\u00e9solution RH. Ma mission : aider mes clients \u00e0 aligner leur gestion des Ressources Humaines avec leurs ambitions. Respect Valoriser chaque individu et reconna\u00eetre la richesse de chacun. \u00a0 Bienveillance Agir&hellip;&nbsp;<a href=\"https:\/\/resolutionrh.fr\/\" rel=\"bookmark\">Read More &raquo;<span class=\"screen-reader-text\">Accueil<\/span><\/a><\/p>\n","protected":false},"author":1,"featured_media":0,"parent":0,"menu_order":0,"comment_status":"closed","ping_status":"closed","template":"","meta":{"neve_meta_sidebar":"","neve_meta_container":"","neve_meta_enable_content_width":"on","neve_meta_content_width":100,"neve_meta_title_alignment":"","neve_meta_author_avatar":"","neve_post_elements_order":"","neve_meta_disable_header":"","neve_meta_disable_footer":"","neve_meta_disable_title":"on","footnotes":""},"class_list":["post-20","page","type-page","status-publish","hentry"],"_links":{"self":[{"href":"https:\/\/resolutionrh.fr\/index.php\/wp-json\/wp\/v2\/pages\/20","targetHints":{"allow":["GET"]}}],"collection":[{"href":"https:\/\/resolutionrh.fr\/index.php\/wp-json\/wp\/v2\/pages"}],"about":[{"href":"https:\/\/resolutionrh.fr\/index.php\/wp-json\/wp\/v2\/types\/page"}],"author":[{"embeddable":true,"href":"https:\/\/resolutionrh.fr\/index.php\/wp-json\/wp\/v2\/users\/1"}],"replies":[{"embeddable":true,"href":"https:\/\/resolutionrh.fr\/index.php\/wp-json\/wp\/v2\/comments?post=20"}],"version-history":[{"count":76,"href":"https:\/\/resolutionrh.fr\/index.php\/wp-json\/wp\/v2\/pages\/20\/revisions"}],"predecessor-version":[{"id":300,"href":"https:\/\/resolutionrh.fr\/index.php\/wp-json\/wp\/v2\/pages\/20\/revisions\/300"}],"wp:attachment":[{"href":"https:\/\/resolutionrh.fr\/index.php\/wp-json\/wp\/v2\/media?parent=20"}],"curies":[{"name":"wp","href":"https:\/\/api.w.org\/{rel}","templated":true}]}}