{"id":21,"date":"2025-01-06T13:41:07","date_gmt":"2025-01-06T12:41:07","guid":{"rendered":"https:\/\/resolutionrh.fr\/?page_id=21"},"modified":"2025-02-03T13:41:02","modified_gmt":"2025-02-03T12:41:02","slug":"a-propos","status":"publish","type":"page","link":"https:\/\/resolutionrh.fr\/index.php\/a-propos\/","title":{"rendered":"\u00c0 propos"},"content":{"rendered":"\n<div class=\"wp-block-cover alignfull\" style=\"min-height:320px;aspect-ratio:unset;\"><span aria-hidden=\"true\" class=\"wp-block-cover__background has-nv-site-bg-background-color has-background-dim-100 has-background-dim\"><\/span><div class=\"wp-block-cover__inner-container is-layout-flow wp-block-cover-is-layout-flow\">\n<div class=\"wp-block-group\" style=\"padding-right:var(--wp--preset--spacing--30);padding-left:var(--wp--preset--spacing--30)\"><div class=\"wp-block-group__inner-container is-layout-flow wp-block-group-is-layout-flow\">\n<h1 class=\"wp-block-heading has-text-align-left has-neve-link-color-color has-text-color\">\u00c0 propos<\/h1>\n<\/div><\/div>\n<\/div><\/div>\n\n\n\n<div class=\"wp-block-cover alignfull\" style=\"min-height:600px;aspect-ratio:unset;\"><span aria-hidden=\"true\" class=\"wp-block-cover__background has-nv-light-bg-background-color has-background-dim-100 has-background-dim\"><\/span><div class=\"wp-block-cover__inner-container is-layout-flow wp-block-cover-is-layout-flow\">\n<div class=\"wp-block-group\"><div class=\"wp-block-group__inner-container is-layout-flow wp-block-group-is-layout-flow\">\n<div style=\"height:80px\" aria-hidden=\"true\" class=\"wp-block-spacer\"><\/div>\n\n\n\n<div class=\"wp-block-columns are-vertically-aligned-center has-neve-text-color-color has-text-color is-layout-flex wp-container-core-columns-is-layout-9d6595d7 wp-block-columns-is-layout-flex\">\n<div class=\"wp-block-column is-vertically-aligned-center is-layout-flow wp-block-column-is-layout-flow\" style=\"padding-right:var(--wp--preset--spacing--30);padding-left:var(--wp--preset--spacing--30);flex-basis:50%\"><div class=\"wp-block-image\">\n<figure class=\"aligncenter size-full is-resized has-custom-border\"><img fetchpriority=\"high\" decoding=\"async\" width=\"500\" height=\"500\" src=\"http:\/\/resolutionrh.fr\/wp-content\/uploads\/2025\/02\/Design-sans-titre-49.png\" alt=\"\" class=\"wp-image-293\" style=\"border-radius:16px;width:414px;height:auto\" srcset=\"https:\/\/resolutionrh.fr\/wp-content\/uploads\/2025\/02\/Design-sans-titre-49.png 500w, https:\/\/resolutionrh.fr\/wp-content\/uploads\/2025\/02\/Design-sans-titre-49-300x300.png 300w, https:\/\/resolutionrh.fr\/wp-content\/uploads\/2025\/02\/Design-sans-titre-49-150x150.png 150w\" sizes=\"(max-width: 500px) 100vw, 500px\" \/><\/figure>\n<\/div><\/div>\n\n\n\n<div class=\"wp-block-column is-vertically-aligned-center is-layout-flow wp-block-column-is-layout-flow\" style=\"padding-top:0;padding-right:var(--wp--preset--spacing--30);padding-bottom:0;padding-left:var(--wp--preset--spacing--30);flex-basis:50%\">\n<h2 class=\"wp-block-heading has-neve-text-color-color has-text-color\">Hello, je suis Sarah !<\/h2>\n\n\n\n<p class=\"has-neve-text-color-color has-text-color\"><strong>Consultante RH, entrepreneuse et ambitieuse.<\/strong><\/p>\n\n\n\n<p>J\u2019ai 32 ans et d\u00e9j\u00e0<strong> 8 ans d\u2019exp\u00e9rience <\/strong>dans les Ressources Humaines. Je suis fondatrice depuis 2023 de la soci\u00e9t\u00e9 R\u00e9solution RH.<\/p>\n\n\n\n<p>J\u2019interviens dans les <strong>TPE, PME<\/strong> ou dans les <strong>grandes soci\u00e9t\u00e9s<\/strong>. Je travaille chez le client ou en full remote avec des clients bas\u00e9s en France ou \u00e0 l\u2019\u00e9tranger.<\/p>\n\n\n\n<p>Mes clients appr\u00e9cient mon <strong>leadership<\/strong>, mon <strong>adaptabilit\u00e9<\/strong> et mon <strong>expertise<\/strong>.<\/p>\n\n\n\n<p>Mes comp\u00e9tences sont ax\u00e9es principalement sur la chefferie de projet (SIRH, LMS), la formation, la gestion de carri\u00e8re ou encore le recrutement.<\/p>\n\n\n\n<p class=\"has-neve-text-color-color has-text-color\">Ma mission est d&#8217;intervenir aupr\u00e8s de clients afin de faciliter leur quotidien dans le domaine des RH. Intervenir aupr\u00e8s des clients me permet d\u2019avoir une vision ext\u00e9rieure \u00e0 360\u00b0 sur les diff\u00e9rentes probl\u00e9matiques autour de la sph\u00e8re RH. Mes principales valeurs sont port\u00e9es sur le respect, la bienveillance, l&#8217;\u00e9coute et la proximit\u00e9.<\/p>\n<\/div>\n<\/div>\n\n\n\n<div style=\"height:40px\" aria-hidden=\"true\" class=\"wp-block-spacer\"><\/div>\n<\/div><\/div>\n<\/div><\/div>\n\n\n\n<div class=\"wp-block-cover alignfull\" style=\"min-height:420px;aspect-ratio:unset;\"><span aria-hidden=\"true\" class=\"wp-block-cover__background has-nv-site-bg-background-color has-background-dim-100 has-background-dim\"><\/span><div class=\"wp-block-cover__inner-container is-layout-flow wp-block-cover-is-layout-flow\">\n<div style=\"height:80px\" aria-hidden=\"true\" class=\"wp-block-spacer\"><\/div>\n\n\n\n<div class=\"wp-block-columns is-layout-flex wp-container-core-columns-is-layout-9d6595d7 wp-block-columns-is-layout-flex\">\n<div class=\"wp-block-column ticss-4ce656f1 is-layout-flow wp-block-column-is-layout-flow\" style=\"padding-right:var(--wp--preset--spacing--30);padding-left:var(--wp--preset--spacing--30)\">\n<h3 class=\"wp-block-heading has-text-align-center has-neve-text-color-color has-text-color\"><strong><mark style=\"background-color:rgba(0, 0, 0, 0)\" class=\"has-inline-color has-neve-link-color-color\">Mon r\u00f4le en tant que Consultante RH<\/mark><\/strong><\/h3>\n\n\n\n<p class=\"has-text-align-center has-neve-text-color-color has-text-color\">Mon r\u00f4le en tant que consultante RH est de vous accompagner sur tous les aspects de votre gestion humaine : organisation, process, recrutement, formation ou gestion de projets. Ensemble, transformons vos d\u00e9fis en opportunit\u00e9s pour construire une organisation performante, durable et align\u00e9e sur vos ambitions.<\/p>\n\n\n\n<p class=\"has-text-align-center\"><mark style=\"background-color:rgba(0, 0, 0, 0)\" class=\"has-inline-color has-neve-text-color-color\">J\u2019aide les entreprises \u00e0 structurer et \u00e0 fluidifier leurs processus RH, qu\u2019il s\u2019agisse de recruter, d\u2019int\u00e9grer de nouveaux collaborateurs (onboarding) ou de g\u00e9rer les talents. Mon objectif est de cr\u00e9er des organisations RH agiles, capables de r\u00e9pondre efficacement aux besoins actuels et futurs.<\/mark><\/p>\n\n\n\n<p class=\"has-text-align-center\"><mark style=\"background-color:rgba(0, 0, 0, 0)\" class=\"has-inline-color has-neve-text-color-color\">Qu\u2019il s\u2019agisse d\u2019impl\u00e9menter un nouveau SIRH, de conduire un projet de transformation organisationnelle ou de d\u00e9ployer des politiques innovantes, je prends en charge la gestion de projets RH complexes. Mon r\u00f4le est de garantir leur alignement avec les objectifs strat\u00e9giques de l\u2019entreprise tout en impliquant les \u00e9quipes pour une adoption durable.<\/mark><\/p>\n\n\n\n<p class=\"has-text-align-center\"><mark style=\"background-color:rgba(0, 0, 0, 0)\" class=\"has-inline-color has-neve-text-color-color\">J\u2019accompagne \u00e9galement mes clients dans la mise en place de strat\u00e9gies de recrutement cibl\u00e9es et de parcours d\u2019int\u00e9gration (onboarding) qui favorisent la r\u00e9tention et la satisfaction des talents d\u00e8s leurs premiers jours.<\/mark><\/p>\n\n\n\n<p class=\"has-text-align-center\"><mark style=\"background-color:rgba(0, 0, 0, 0)\" class=\"has-inline-color has-neve-text-color-color\">Mon regard ext\u00e9rieur permet de diagnostiquer les pratiques RH existantes et de proposer des solutions innovantes, adapt\u00e9es aux enjeux sp\u00e9cifiques de chaque entreprise. Cela inclut la digitalisation des processus, l\u2019am\u00e9lioration de l\u2019exp\u00e9rience collaborateur et l\u2019instauration d\u2019une culture de l\u2019am\u00e9lioration continue.<\/mark><\/p>\n\n\n\n<p class=\"has-text-align-center\"><mark style=\"background-color:rgba(0, 0, 0, 0)\" class=\"has-inline-color has-neve-text-color-color\">Chaque entreprise traverse des p\u00e9riodes de changement. Je m\u2019assure que ces transformations se d\u00e9roulent en douceur, en impliquant les \u00e9quipes et en renfor\u00e7ant leur engagement. Qu\u2019il s\u2019agisse de restructurations, de fusions ou de simples ajustements organisationnels, je veille \u00e0 placer l\u2019humain au c\u0153ur de la strat\u00e9gie.<\/mark><\/p>\n\n\n\n<p class=\"has-text-align-center\"><strong><mark style=\"background-color:rgba(0, 0, 0, 0)\" class=\"has-inline-color has-neve-link-color-color\">Pr\u00eats \u00e0 franchir une \u00e9tape d\u00e9cisive dans votre gestion RH ?<\/mark><\/strong><\/p>\n\n\n\n<div style=\"height:20px\" aria-hidden=\"true\" class=\"wp-block-spacer\"><\/div>\n<\/div>\n<\/div>\n\n\n\n<div style=\"height:30px\" aria-hidden=\"true\" class=\"wp-block-spacer\"><\/div>\n<\/div><\/div>\n\n\n\n<div class=\"wp-block-cover alignfull\" style=\"min-height:600px;aspect-ratio:unset;\"><span aria-hidden=\"true\" class=\"wp-block-cover__background has-nv-light-bg-background-color has-background-dim-100 has-background-dim\"><\/span><div class=\"wp-block-cover__inner-container is-layout-flow wp-block-cover-is-layout-flow\">\n<div class=\"wp-block-group\"><div class=\"wp-block-group__inner-container is-layout-flow wp-block-group-is-layout-flow\">\n<div style=\"height:80px\" aria-hidden=\"true\" class=\"wp-block-spacer\"><\/div>\n\n\n\n<div class=\"wp-block-columns is-layout-flex wp-container-core-columns-is-layout-9d6595d7 wp-block-columns-is-layout-flex\">\n<div class=\"wp-block-column is-layout-flow wp-block-column-is-layout-flow\" style=\"padding-right:var(--wp--preset--spacing--30);padding-left:var(--wp--preset--spacing--30)\"><div class=\"wp-block-image is-style-default\">\n<figure class=\"aligncenter size-full is-resized has-custom-border\"><img decoding=\"async\" width=\"500\" height=\"500\" src=\"http:\/\/resolutionrh.fr\/wp-content\/uploads\/2025\/01\/Design-sans-titre-35.png\" alt=\"\" class=\"wp-image-163\" style=\"border-radius:16px;width:182px;height:auto\" srcset=\"https:\/\/resolutionrh.fr\/wp-content\/uploads\/2025\/01\/Design-sans-titre-35.png 500w, https:\/\/resolutionrh.fr\/wp-content\/uploads\/2025\/01\/Design-sans-titre-35-300x300.png 300w, https:\/\/resolutionrh.fr\/wp-content\/uploads\/2025\/01\/Design-sans-titre-35-150x150.png 150w\" sizes=\"(max-width: 500px) 100vw, 500px\" \/><\/figure>\n<\/div>\n\n\n<h3 class=\"wp-block-heading has-text-align-center has-neve-text-color-color has-text-color\">Sarah TAJI<\/h3>\n\n\n\n<p class=\"has-text-align-center has-neve-text-color-color has-text-color\">Fondatrice de R\u00e9solution RH<\/p>\n\n\n\n<ul class=\"wp-block-social-links aligncenter has-icon-color has-icon-background-color is-layout-flex wp-block-social-links-is-layout-flex\"><li style=\"color:var(--nv-text-dark-bg);background-color:var(--nv-dark-bg);\" class=\"wp-social-link wp-social-link-linkedin has-nv-text-dark-bg-color has-nv-dark-bg-background-color wp-block-social-link\"><a href=\"https:\/\/www.linkedin.com\/in\/taji-sarah?utm_source=share&#038;utm_campaign=share_via&#038;utm_content=profile&#038;utm_medium=ios_app\" class=\"wp-block-social-link-anchor\"><svg width=\"24\" height=\"24\" viewBox=\"0 0 24 24\" version=\"1.1\" xmlns=\"http:\/\/www.w3.org\/2000\/svg\" aria-hidden=\"true\" focusable=\"false\"><path d=\"M19.7,3H4.3C3.582,3,3,3.582,3,4.3v15.4C3,20.418,3.582,21,4.3,21h15.4c0.718,0,1.3-0.582,1.3-1.3V4.3 C21,3.582,20.418,3,19.7,3z M8.339,18.338H5.667v-8.59h2.672V18.338z M7.004,8.574c-0.857,0-1.549-0.694-1.549-1.548 c0-0.855,0.691-1.548,1.549-1.548c0.854,0,1.547,0.694,1.547,1.548C8.551,7.881,7.858,8.574,7.004,8.574z M18.339,18.338h-2.669 v-4.177c0-0.996-0.017-2.278-1.387-2.278c-1.389,0-1.601,1.086-1.601,2.206v4.249h-2.667v-8.59h2.559v1.174h0.037 c0.356-0.675,1.227-1.387,2.526-1.387c2.703,0,3.203,1.779,3.203,4.092V18.338z\"><\/path><\/svg><span class=\"wp-block-social-link-label screen-reader-text\">LinkedIn<\/span><\/a><\/li><\/ul>\n\n\n\n<div style=\"height:40px\" aria-hidden=\"true\" class=\"wp-block-spacer\"><\/div>\n<\/div>\n<\/div>\n\n\n\n<div class=\"wp-block-columns has-nv-text-dark-bg-color has-neve-link-color-background-color has-text-color has-background has-link-color wp-elements-57939a8415a54098239c8c6aa82bd836 is-layout-flex wp-container-core-columns-is-layout-54bf4747 wp-block-columns-is-layout-flex\" style=\"border-radius:24px;padding-top:var(--wp--preset--spacing--70);padding-right:var(--wp--preset--spacing--70);padding-bottom:var(--wp--preset--spacing--70);padding-left:var(--wp--preset--spacing--70)\">\n<div class=\"wp-block-column is-layout-flow wp-block-column-is-layout-flow\">\n<div class=\"wp-block-buttons is-content-justification-center is-layout-flex wp-container-core-buttons-is-layout-16018d1d wp-block-buttons-is-layout-flex\">\n<div class=\"wp-block-button is-style-default\"><a class=\"wp-block-button__link wp-element-button\" href=\"https:\/\/resolutionrh.fr\/index.php\/contact\/\">Me Contacter<\/a><\/div>\n<\/div>\n<\/div>\n<\/div>\n\n\n\n<div style=\"height:40px\" aria-hidden=\"true\" class=\"wp-block-spacer\"><\/div>\n<\/div><\/div>\n<\/div><\/div>\n\n\n\n<p><\/p>\n","protected":false},"excerpt":{"rendered":"","protected":false},"author":1,"featured_media":0,"parent":0,"menu_order":0,"comment_status":"closed","ping_status":"closed","template":"","meta":{"neve_meta_sidebar":"","neve_meta_container":"","neve_meta_enable_content_width":"on","neve_meta_content_width":100,"neve_meta_title_alignment":"","neve_meta_author_avatar":"","neve_post_elements_order":"","neve_meta_disable_header":"","neve_meta_disable_footer":"","neve_meta_disable_title":"on","footnotes":""},"class_list":["post-21","page","type-page","status-publish","hentry"],"_links":{"self":[{"href":"https:\/\/resolutionrh.fr\/index.php\/wp-json\/wp\/v2\/pages\/21","targetHints":{"allow":["GET"]}}],"collection":[{"href":"https:\/\/resolutionrh.fr\/index.php\/wp-json\/wp\/v2\/pages"}],"about":[{"href":"https:\/\/resolutionrh.fr\/index.php\/wp-json\/wp\/v2\/types\/page"}],"author":[{"embeddable":true,"href":"https:\/\/resolutionrh.fr\/index.php\/wp-json\/wp\/v2\/users\/1"}],"replies":[{"embeddable":true,"href":"https:\/\/resolutionrh.fr\/index.php\/wp-json\/wp\/v2\/comments?post=21"}],"version-history":[{"count":18,"href":"https:\/\/resolutionrh.fr\/index.php\/wp-json\/wp\/v2\/pages\/21\/revisions"}],"predecessor-version":[{"id":296,"href":"https:\/\/resolutionrh.fr\/index.php\/wp-json\/wp\/v2\/pages\/21\/revisions\/296"}],"wp:attachment":[{"href":"https:\/\/resolutionrh.fr\/index.php\/wp-json\/wp\/v2\/media?parent=21"}],"curies":[{"name":"wp","href":"https:\/\/api.w.org\/{rel}","templated":true}]}}