{"id":282,"date":"2025-01-29T22:29:49","date_gmt":"2025-01-29T21:29:49","guid":{"rendered":"https:\/\/resolutionrh.fr\/?page_id=282"},"modified":"2025-01-29T22:29:49","modified_gmt":"2025-01-29T21:29:49","slug":"mentions-legales","status":"publish","type":"page","link":"https:\/\/resolutionrh.fr\/index.php\/mentions-legales\/","title":{"rendered":"Mentions L\u00e9gales"},"content":{"rendered":"\n<p><strong>MENTIONS L\u00c9GALES<\/strong><\/p>\n\n\n\n<p><strong>1. Informations g\u00e9n\u00e9rales<\/strong><br>Conform\u00e9ment \u00e0 l&#8217;article 6 de la loi n\u00b0 2004-575 du 21 juin 2004 pour la confiance dans l&#8217;\u00e9conomie num\u00e9rique, il est pr\u00e9cis\u00e9 aux utilisateurs du site R\u00e9solution RH ( ci-apr\u00e8s &#8220;le site&#8221; ) l&#8217;identit\u00e9 des diff\u00e9rents intervenants dans le cadre de sa r\u00e9alisation et de son suivi :<\/p>\n\n\n\n<ul class=\"wp-block-list\">\n<li><strong>Propri\u00e9taire du site<\/strong> : TAJI Sarah<\/li>\n\n\n\n<li><strong>Si\u00e8ge social<\/strong> : 6 RUE D&#8217;ARMAILLE 75017 PARIS<\/li>\n\n\n\n<li><strong>SIRET<\/strong> : 97841623800019<\/li>\n\n\n\n<li><strong>Contact<\/strong> : contact@resolutionrh.fr <\/li>\n\n\n\n<li><strong>Directrice de publication<\/strong> : TAJI Sarah<\/li>\n\n\n\n<li><strong>H\u00e9bergeur<\/strong> : OVH Groupe SA, soci\u00e9t\u00e9 immatricul\u00e9e au RCS de Lille sous le num\u00e9ro 537 407 926 sise 2, rue Kellermann, 59100 Roubaix.<\/li>\n<\/ul>\n\n\n\n<p><strong>2. Propri\u00e9t\u00e9 intellectuelle et contrefa\u00e7ons<\/strong><br>Toute reproduction, repr\u00e9sentation, modification, publication, adaptation de tout ou partie des \u00e9l\u00e9ments du site, quel que soit le moyen ou le proc\u00e9d\u00e9 utilis\u00e9, est interdite, sauf autorisation \u00e9crite pr\u00e9alable de TAJI Sarah.<\/p>\n\n\n\n<p><strong>3. Responsabilit\u00e9s<\/strong><br>Le site a pour objet de fournir une information concernant l&#8217;ensemble des activit\u00e9s de TAJI Sarah. La propri\u00e9taire du site s&#8217;efforce de fournir des informations aussi pr\u00e9cises que possible. Toutefois, elle ne pourra \u00eatre tenue responsable des omissions, des inexactitudes et des carences dans la mise \u00e0 jour.<\/p>\n\n\n\n<p><strong>POLITIQUE DE CONFIDENTIALIT\u00c9<\/strong><\/p>\n\n\n\n<p><strong>1. Collecte et utilisation des donn\u00e9es personnelles<\/strong><br>Les donn\u00e9es personnelles collect\u00e9es sur le site via le formulaire de contact sont :<\/p>\n\n\n\n<ul class=\"wp-block-list\">\n<li>Nom<\/li>\n\n\n\n<li>Pr\u00e9nom<\/li>\n\n\n\n<li>Adresse e-mail<\/li>\n<\/ul>\n\n\n\n<p>Ces donn\u00e9es sont collect\u00e9es dans le but de r\u00e9pondre aux demandes envoy\u00e9es via le formulaire de contact et ne seront en aucun cas c\u00e9d\u00e9es \u00e0 des tiers sans consentement explicite.<\/p>\n\n\n\n<p><strong>2. Dur\u00e9e de conservation des donn\u00e9es<\/strong><br>Les donn\u00e9es sont conserv\u00e9es pendant une dur\u00e9e maximale de 12 mois \u00e0 compter de leur r\u00e9ception.<\/p>\n\n\n\n<p><strong>3. Droits des utilisateurs<\/strong><br>Conform\u00e9ment au R\u00e8glement G\u00e9n\u00e9ral sur la Protection des Donn\u00e9es (RGPD), les utilisateurs disposent des droits suivants :<\/p>\n\n\n\n<ul class=\"wp-block-list\">\n<li>Droit d&#8217;acc\u00e8s, de rectification et d&#8217;effacement des donn\u00e9es les concernant<\/li>\n\n\n\n<li>Droit \u00e0 la limitation du traitement<\/li>\n\n\n\n<li>Droit d&#8217;opposition<\/li>\n<\/ul>\n\n\n\n<p>Pour exercer ces droits, les utilisateurs peuvent envoyer un e-mail \u00e0 contact@resolutionrh.fr.<\/p>\n\n\n\n<p><strong>4. S\u00e9curit\u00e9 des donn\u00e9es<\/strong><br>Des mesures de s\u00e9curit\u00e9 sont mises en place afin de prot\u00e9ger les donn\u00e9es personnelles contre tout acc\u00e8s non autoris\u00e9, alt\u00e9ration ou destruction.<\/p>\n\n\n\n<p><strong>5. Cookies<\/strong><br>Le site peut utiliser des cookies pour am\u00e9liorer l&#8217;exp\u00e9rience utilisateur. L&#8217;utilisateur peut configurer son navigateur pour refuser les cookies.<\/p>\n\n\n\n<p><strong>6. Contact<\/strong><br>Pour toute question concernant la politique de confidentialit\u00e9, vous pouvez contacter : TAJI Sarah &#8211; contact@resolutionrh.fr.<\/p>\n","protected":false},"excerpt":{"rendered":"<p>MENTIONS L\u00c9GALES 1. Informations g\u00e9n\u00e9ralesConform\u00e9ment \u00e0 l&#8217;article 6 de la loi n\u00b0 2004-575 du 21 juin 2004 pour la confiance dans l&#8217;\u00e9conomie num\u00e9rique, il est pr\u00e9cis\u00e9 aux utilisateurs du site R\u00e9solution RH ( ci-apr\u00e8s &#8220;le site&#8221; ) l&#8217;identit\u00e9 des diff\u00e9rents intervenants dans le cadre de sa r\u00e9alisation et de son suivi : 2. Propri\u00e9t\u00e9 intellectuelle&hellip;&nbsp;<a href=\"https:\/\/resolutionrh.fr\/index.php\/mentions-legales\/\" rel=\"bookmark\">Read More &raquo;<span class=\"screen-reader-text\">Mentions L\u00e9gales<\/span><\/a><\/p>\n","protected":false},"author":1,"featured_media":0,"parent":0,"menu_order":0,"comment_status":"closed","ping_status":"closed","template":"","meta":{"neve_meta_sidebar":"","neve_meta_container":"","neve_meta_enable_content_width":"","neve_meta_content_width":0,"neve_meta_title_alignment":"","neve_meta_author_avatar":"","neve_post_elements_order":"","neve_meta_disable_header":"","neve_meta_disable_footer":"","neve_meta_disable_title":"","footnotes":""},"class_list":["post-282","page","type-page","status-publish","hentry"],"_links":{"self":[{"href":"https:\/\/resolutionrh.fr\/index.php\/wp-json\/wp\/v2\/pages\/282","targetHints":{"allow":["GET"]}}],"collection":[{"href":"https:\/\/resolutionrh.fr\/index.php\/wp-json\/wp\/v2\/pages"}],"about":[{"href":"https:\/\/resolutionrh.fr\/index.php\/wp-json\/wp\/v2\/types\/page"}],"author":[{"embeddable":true,"href":"https:\/\/resolutionrh.fr\/index.php\/wp-json\/wp\/v2\/users\/1"}],"replies":[{"embeddable":true,"href":"https:\/\/resolutionrh.fr\/index.php\/wp-json\/wp\/v2\/comments?post=282"}],"version-history":[{"count":1,"href":"https:\/\/resolutionrh.fr\/index.php\/wp-json\/wp\/v2\/pages\/282\/revisions"}],"predecessor-version":[{"id":283,"href":"https:\/\/resolutionrh.fr\/index.php\/wp-json\/wp\/v2\/pages\/282\/revisions\/283"}],"wp:attachment":[{"href":"https:\/\/resolutionrh.fr\/index.php\/wp-json\/wp\/v2\/media?parent=282"}],"curies":[{"name":"wp","href":"https:\/\/api.w.org\/{rel}","templated":true}]}}